{"id":12,"date":"2024-01-10T13:27:36","date_gmt":"2024-01-10T13:27:36","guid":{"rendered":"https:\/\/expandingcr.com\/?page_id=12"},"modified":"2024-01-18T16:48:20","modified_gmt":"2024-01-18T16:48:20","slug":"home","status":"publish","type":"page","link":"https:\/\/expandingcr.com\/en\/","title":{"rendered":"home"},"content":{"rendered":"<p>[et_pb_section fb_built=\u00bb1&#8243; admin_label=\u00bbsection\u00bb _builder_version=\u00bb4.23.4&#8243; use_background_color_gradient=\u00bbon\u00bb background_color_gradient_direction=\u00bb-90deg\u00bb background_color_gradient_stops=\u00bb#ffffff 60%|#29c4a9 60%\u00bb background_color_gradient_start=\u00bb#ffffff\u00bb background_color_gradient_start_position=\u00bb60%\u00bb background_color_gradient_end_position=\u00bb40%\u00bb background_image=\u00bbhttps:\/\/expandingcr.com\/wp-content\/uploads\/2024\/01\/formas-02.png\u00bb background_size=\u00bbinitial\u00bb background_position=\u00bbtop_right\u00bb min_height=\u00bb100vh\u00bb global_colors_info=\u00bb{}\u00bb][et_pb_row column_structure=\u00bb1_2,1_2&#8243; admin_label=\u00bbrow\u00bb _builder_version=\u00bb4.16&#8243; background_size=\u00bbinitial\u00bb background_position=\u00bbtop_left\u00bb background_repeat=\u00bbrepeat\u00bb global_colors_info=\u00bb{}\u00bb][et_pb_column type=\u00bb1_2&#8243; _builder_version=\u00bb4.16&#8243; custom_padding=\u00bb|||\u00bb global_colors_info=\u00bb{}\u00bb custom_padding__hover=\u00bb|||\u00bb][et_pb_image src=\u00bbhttps:\/\/expandingcr.com\/wp-content\/uploads\/2024\/01\/mensajes-despues-comprar-1.jpg\u00bb title_text=\u00bbmensajes-despues-comprar (1)\u00bb _builder_version=\u00bb4.16&#8243; _module_preset=\u00bbdefault\u00bb global_colors_info=\u00bb{}\u00bb][\/et_pb_image][\/et_pb_column][et_pb_column type=\u00bb1_2&#8243; _builder_version=\u00bb4.16&#8243; custom_padding=\u00bb|||\u00bb global_colors_info=\u00bb{}\u00bb custom_padding__hover=\u00bb|||\u00bb][et_pb_text _builder_version=\u00bb4.23.4&#8243; _module_preset=\u00bbdefault\u00bb header_text_color=\u00bb#42a88c\u00bb global_colors_info=\u00bb{}\u00bb]<\/p>\n<h1>Promoci\u00f3n y difusi\u00f3n del derecho del consumidoR<\/h1>\n<p>[\/et_pb_text][et_pb_text _builder_version=\u00bb4.23.4&#8243; _module_preset=\u00bbdefault\u00bb global_colors_info=\u00bb{}\u00bb]<\/p>\n<p><strong>Expanding Consumer Rights<\/strong> es una compa\u00f1\u00eda creada en el a\u00f1o 2021 para la promoci\u00f3n y difusi\u00f3n del derecho del consumidor a trav\u00e9s de distintas actividades y servicios, ya sean organizados de manera directa, conjuntamente con otras entidades, comercializando iniciativas de instituciones educativas y acad\u00e9micas o a trav\u00e9s del apoyo a terceros.<\/p>\n<p>[\/et_pb_text][et_pb_button button_url=\u00bb@ET-DC@eyJkeW5hbWljIjp0cnVlLCJjb250ZW50IjoicG9zdF9saW5rX3VybF9wYWdlIiwic2V0dGluZ3MiOnsicG9zdF9pZCI6IjI0In19@\u00bb button_text=\u00bbM\u00e1s sobre nosotros\u00bb _builder_version=\u00bb4.23.4&#8243; _dynamic_attributes=\u00bbbutton_url\u00bb _module_preset=\u00bbdefault\u00bb global_colors_info=\u00bb{}\u00bb][\/et_pb_button][\/et_pb_column][\/et_pb_row][et_pb_row _builder_version=\u00bb4.23.4&#8243; _module_preset=\u00bbdefault\u00bb custom_padding=\u00bb0px||0px|||\u00bb global_colors_info=\u00bb{}\u00bb][et_pb_column type=\u00bb4_4&#8243; _builder_version=\u00bb4.23.4&#8243; _module_preset=\u00bbdefault\u00bb global_colors_info=\u00bb{}\u00bb][et_pb_icon font_icon=\u00bb&#x22;||divi||400&#8243; icon_width=\u00bb55px\u00bb url=\u00bb#bloque-2&#8243; _builder_version=\u00bb4.23.4&#8243; _module_preset=\u00bbdefault\u00bb global_colors_info=\u00bb{}\u00bb][\/et_pb_icon][\/et_pb_column][\/et_pb_row][\/et_pb_section][et_pb_section fb_built=\u00bb1&#8243; module_id=\u00bbbloque-2&#8243; _builder_version=\u00bb4.23.4&#8243; _module_preset=\u00bbdefault\u00bb background_image=\u00bbhttps:\/\/expandingcr.com\/wp-content\/uploads\/2024\/01\/back-01.png\u00bb background_size=\u00bbinitial\u00bb background_position=\u00bbcenter_right\u00bb custom_padding=\u00bb150px||150px||false|false\u00bb global_colors_info=\u00bb{}\u00bb][et_pb_row column_structure=\u00bb2_5,3_5&#8243; _builder_version=\u00bb4.23.4&#8243; _module_preset=\u00bbdefault\u00bb global_colors_info=\u00bb{}\u00bb][et_pb_column type=\u00bb2_5&#8243; _builder_version=\u00bb4.23.4&#8243; _module_preset=\u00bbdefault\u00bb global_colors_info=\u00bb{}\u00bb][et_pb_text _builder_version=\u00bb4.23.4&#8243; _module_preset=\u00bbdefault\u00bb header_text_color=\u00bb#42a88c\u00bb global_colors_info=\u00bb{}\u00bb]<\/p>\n<h1>Nos proponemos<\/h1>\n<p>[\/et_pb_text][et_pb_text _builder_version=\u00bb4.23.4&#8243; _module_preset=\u00bbdefault\u00bb hover_enabled=\u00bb0&#8243; global_colors_info=\u00bb{}\u00bb sticky_enabled=\u00bb0&#8243;]Nuestro compromiso es aportar al desarrollo de mercados competitivos y transparentes contribuyendo a mejorar los mecanismos de tutela de los consumidores, fundamentalmente colaborando con las compa\u00f1\u00edas para que incorporen y fortalezcan las herramientas de prevenci\u00f3n y desarrollen alternativas simples y eficaces para la resoluci\u00f3n de conflictos<br \/>\n[\/et_pb_text][et_pb_button button_url=\u00bb@ET-DC@eyJkeW5hbWljIjp0cnVlLCJjb250ZW50IjoicG9zdF9saW5rX3VybF9wYWdlIiwic2V0dGluZ3MiOnsicG9zdF9pZCI6IjI3In19@\u00bb button_text=\u00bbConsejo consultivo\u00bb _builder_version=\u00bb4.23.4&#8243; _dynamic_attributes=\u00bbbutton_url\u00bb _module_preset=\u00bbdefault\u00bb global_colors_info=\u00bb{}\u00bb][\/et_pb_button][\/et_pb_column][et_pb_column type=\u00bb3_5&#8243; _builder_version=\u00bb4.23.4&#8243; _module_preset=\u00bbdefault\u00bb global_colors_info=\u00bb{}\u00bb][et_pb_image src=\u00bbhttps:\/\/expandingcr.com\/wp-content\/uploads\/2024\/01\/familia-supermercado-mujer-camiseta-marron-gente-elige-productos-madre-hija.jpg\u00bb title_text=\u00bbfamilia-supermercado-mujer-camiseta-marron-gente-elige-productos-madre-hija\u00bb _builder_version=\u00bb4.23.4&#8243; _module_preset=\u00bbdefault\u00bb global_colors_info=\u00bb{}\u00bb][\/et_pb_image][\/et_pb_column][\/et_pb_row][\/et_pb_section][et_pb_section fb_built=\u00bb1&#8243; _builder_version=\u00bb4.23.4&#8243; _module_preset=\u00bbdefault\u00bb background_color=\u00bb#333333&#8243; background_image=\u00bbhttps:\/\/expandingcr.com\/wp-content\/uploads\/2024\/01\/formas.png\u00bb parallax=\u00bbon\u00bb custom_padding=\u00bb80px||80px||true|false\u00bb global_colors_info=\u00bb{}\u00bb][et_pb_row column_structure=\u00bb1_2,1_2&#8243; _builder_version=\u00bb4.23.4&#8243; _module_preset=\u00bbdefault\u00bb global_colors_info=\u00bb{}\u00bb][et_pb_column type=\u00bb1_2&#8243; _builder_version=\u00bb4.23.4&#8243; _module_preset=\u00bbdefault\u00bb global_colors_info=\u00bb{}\u00bb][et_pb_text _builder_version=\u00bb4.23.4&#8243; _module_preset=\u00bbdefault\u00bb header_text_color=\u00bb#42a88c\u00bb global_colors_info=\u00bb{}\u00bb]<\/p>\n<h1>Apoyamos iniciativas<\/h1>\n<p>[\/et_pb_text][et_pb_text _builder_version=\u00bb4.23.4&#8243; _module_preset=\u00bbdefault\u00bb text_text_color=\u00bb#FFFFFF\u00bb global_colors_info=\u00bb{}\u00bb]<\/p>\n<p>Durante los \u00faltimos a\u00f1os hemos tenido la oportunidad de acompa\u00f1ar proyectos que ampl\u00edan el conocimiento del derecho del consumidor, entre lo que destacamos la Diplomatura Superior Universitaria en Derecho del Consumidor, en la que participan los m\u00e1s reconocidos especialistas iberoamericanos en la materia.<\/p>\n<p> Recientemente auspiciamos las Primeras Jornadas Nacionales de Derecho del Consumidor de Argentina, las que significaron un hito para la actividad cient\u00edfica de la materia en dicho pa\u00eds.<\/p>\n<p>[\/et_pb_text][\/et_pb_column][et_pb_column type=\u00bb1_2&#8243; _builder_version=\u00bb4.23.4&#8243; _module_preset=\u00bbdefault\u00bb global_colors_info=\u00bb{}\u00bb][et_pb_video src=\u00bbhttps:\/\/expandingcr.com\/wp-content\/uploads\/2024\/01\/expanding.mp4&#8243; image_src=\u00bbhttps:\/\/expandingcr.com\/wp-content\/uploads\/2024\/01\/Primeras-JNDC-2023-0052.jpg\u00bb _builder_version=\u00bb4.23.4&#8243; _module_preset=\u00bbdefault\u00bb global_colors_info=\u00bb{}\u00bb][\/et_pb_video][\/et_pb_column][\/et_pb_row][\/et_pb_section]<\/p>\n","protected":false},"excerpt":{"rendered":"<p>Promoci\u00f3n y difusi\u00f3n del derecho del consumidoRExpanding Consumer Rights es una compa\u00f1\u00eda creada en el a\u00f1o 2021 para la promoci\u00f3n y difusi\u00f3n del derecho del consumidor a trav\u00e9s de distintas actividades y servicios, ya sean organizados de manera directa, conjuntamente con otras entidades, comercializando iniciativas de instituciones educativas y acad\u00e9micas o a trav\u00e9s del apoyo [&hellip;]<\/p>\n","protected":false},"author":2,"featured_media":0,"parent":0,"menu_order":0,"comment_status":"closed","ping_status":"closed","template":"","meta":{"_et_pb_use_builder":"on","_et_pb_old_content":"","_et_gb_content_width":"","footnotes":""},"class_list":["post-12","page","type-page","status-publish","hentry"],"_links":{"self":[{"href":"https:\/\/expandingcr.com\/en\/wp-json\/wp\/v2\/pages\/12","targetHints":{"allow":["GET"]}}],"collection":[{"href":"https:\/\/expandingcr.com\/en\/wp-json\/wp\/v2\/pages"}],"about":[{"href":"https:\/\/expandingcr.com\/en\/wp-json\/wp\/v2\/types\/page"}],"author":[{"embeddable":true,"href":"https:\/\/expandingcr.com\/en\/wp-json\/wp\/v2\/users\/2"}],"replies":[{"embeddable":true,"href":"https:\/\/expandingcr.com\/en\/wp-json\/wp\/v2\/comments?post=12"}],"version-history":[{"count":25,"href":"https:\/\/expandingcr.com\/en\/wp-json\/wp\/v2\/pages\/12\/revisions"}],"predecessor-version":[{"id":151,"href":"https:\/\/expandingcr.com\/en\/wp-json\/wp\/v2\/pages\/12\/revisions\/151"}],"wp:attachment":[{"href":"https:\/\/expandingcr.com\/en\/wp-json\/wp\/v2\/media?parent=12"}],"curies":[{"name":"wp","href":"https:\/\/api.w.org\/{rel}","templated":true}]}}